{"id":1386,"date":"2022-01-03T19:22:36","date_gmt":"2022-01-03T19:22:36","guid":{"rendered":"http:\/\/baltimore.com.mx\/?page_id=1386"},"modified":"2022-07-21T01:23:12","modified_gmt":"2022-07-21T01:23:12","slug":"productos","status":"publish","type":"page","link":"https:\/\/baltimore.com.mx\/index.php\/productos\/","title":{"rendered":"Productos"},"content":{"rendered":"\t\t<div data-elementor-type=\"wp-page\" data-elementor-id=\"1386\" class=\"elementor elementor-1386\" data-elementor-post-type=\"page\">\n\t\t\t\t\t\t<section class=\"elementor-section elementor-top-section elementor-element elementor-element-80143c4 elementor-section-full_width elementor-section-height-min-height elementor-section-height-default elementor-section-items-middle\" data-id=\"80143c4\" data-element_type=\"section\">\n\t\t\t\t\t\t<div class=\"elementor-container elementor-column-gap-no\">\n\t\t\t\t\t<div class=\"elementor-column elementor-col-100 elementor-top-column elementor-element elementor-element-698f9f3\" data-id=\"698f9f3\" data-element_type=\"column\">\n\t\t\t<div class=\"elementor-widget-wrap elementor-element-populated\">\n\t\t\t\t\t\t<div class=\"elementor-element elementor-element-15773d7 elementor-widget elementor-widget-spacer\" data-id=\"15773d7\" data-element_type=\"widget\" data-widget_type=\"spacer.default\">\n\t\t\t\t<div class=\"elementor-widget-container\">\n\t\t\t\t\t\t\t<div class=\"elementor-spacer\">\n\t\t\t<div class=\"elementor-spacer-inner\"><\/div>\n\t\t<\/div>\n\t\t\t\t\t\t<\/div>\n\t\t\t\t<\/div>\n\t\t\t\t<div class=\"elementor-element elementor-element-8972e23 elementor-widget elementor-widget-heading\" data-id=\"8972e23\" data-element_type=\"widget\" data-widget_type=\"heading.default\">\n\t\t\t\t<div class=\"elementor-widget-container\">\n\t\t\t\t\t<h2 class=\"elementor-heading-title elementor-size-default\">Nuestros Productos<\/h2>\t\t\t\t<\/div>\n\t\t\t\t<\/div>\n\t\t\t\t<section class=\"elementor-section elementor-inner-section elementor-element elementor-element-5d420b6 elementor-section-boxed elementor-section-height-default elementor-section-height-default\" data-id=\"5d420b6\" data-element_type=\"section\">\n\t\t\t\t\t\t<div class=\"elementor-container elementor-column-gap-default\">\n\t\t\t\t\t<div class=\"elementor-column elementor-col-100 elementor-inner-column elementor-element elementor-element-a04ddb2\" data-id=\"a04ddb2\" data-element_type=\"column\">\n\t\t\t<div class=\"elementor-widget-wrap elementor-element-populated\">\n\t\t\t\t\t\t<div class=\"elementor-element elementor-element-0ea5781 elementor-widget elementor-widget-image\" data-id=\"0ea5781\" data-element_type=\"widget\" data-widget_type=\"image.default\">\n\t\t\t\t<div class=\"elementor-widget-container\">\n\t\t\t\t\t\t\t\t\t\t\t\t\t\t\t<img fetchpriority=\"high\" decoding=\"async\" width=\"750\" height=\"375\" src=\"http:\/\/baltimore.com.mx\/wp-content\/uploads\/2022\/01\/promocionales-1024x512-1.jpg\" class=\"attachment-large size-large wp-image-1388\" alt=\"\" srcset=\"http:\/\/baltimore.com.mx\/wp-content\/uploads\/2022\/01\/promocionales-1024x512-1.jpg 1024w, http:\/\/baltimore.com.mx\/wp-content\/uploads\/2022\/01\/promocionales-1024x512-1-300x150.jpg 300w, http:\/\/baltimore.com.mx\/wp-content\/uploads\/2022\/01\/promocionales-1024x512-1-768x384.jpg 768w\" sizes=\"(max-width: 750px) 100vw, 750px\" style=\"width:100%;height:50%;max-width:1024px\" \/>\t\t\t\t\t\t\t\t\t\t\t\t\t\t\t<\/div>\n\t\t\t\t<\/div>\n\t\t\t\t\t<\/div>\n\t\t<\/div>\n\t\t\t\t\t<\/div>\n\t\t<\/section>\n\t\t\t\t<section class=\"elementor-section elementor-inner-section elementor-element elementor-element-42d4fdd elementor-section-boxed elementor-section-height-default elementor-section-height-default\" data-id=\"42d4fdd\" data-element_type=\"section\">\n\t\t\t\t\t\t<div class=\"elementor-container elementor-column-gap-default\">\n\t\t\t\t\t<div class=\"elementor-column elementor-col-100 elementor-inner-column elementor-element elementor-element-277ab68\" data-id=\"277ab68\" data-element_type=\"column\">\n\t\t\t<div class=\"elementor-widget-wrap elementor-element-populated\">\n\t\t\t\t\t\t<div class=\"elementor-element elementor-element-351bcf4 elementor-widget elementor-widget-text-editor\" data-id=\"351bcf4\" data-element_type=\"widget\" data-widget_type=\"text-editor.default\">\n\t\t\t\t<div class=\"elementor-widget-container\">\n\t\t\t\t\t\t\t\t\t<p>Promocionales impresos: tazas, plumas. paraguas, gorras, mochilas, llaveros, vasos, cilindros, relojes de pared, volantes, d\u00edpticos, tr\u00edpticos, folletos, revistas y m\u00e1s&#8230;<\/p>\t\t\t\t\t\t\t\t<\/div>\n\t\t\t\t<\/div>\n\t\t\t\t\t<\/div>\n\t\t<\/div>\n\t\t\t\t\t<\/div>\n\t\t<\/section>\n\t\t\t\t<div class=\"elementor-element elementor-element-74f01eb elementor-widget elementor-widget-spacer\" data-id=\"74f01eb\" data-element_type=\"widget\" data-widget_type=\"spacer.default\">\n\t\t\t\t<div class=\"elementor-widget-container\">\n\t\t\t\t\t\t\t<div class=\"elementor-spacer\">\n\t\t\t<div class=\"elementor-spacer-inner\"><\/div>\n\t\t<\/div>\n\t\t\t\t\t\t<\/div>\n\t\t\t\t<\/div>\n\t\t\t\t\t<\/div>\n\t\t<\/div>\n\t\t\t\t\t<\/div>\n\t\t<\/section>\n\t\t\t\t<section class=\"elementor-section elementor-top-section elementor-element elementor-element-79f7e99 elementor-section-boxed elementor-section-height-default elementor-section-height-default\" data-id=\"79f7e99\" data-element_type=\"section\">\n\t\t\t\t\t\t<div class=\"elementor-container elementor-column-gap-default\">\n\t\t\t\t\t<div class=\"elementor-column elementor-col-33 elementor-top-column elementor-element elementor-element-251bd1b\" data-id=\"251bd1b\" data-element_type=\"column\">\n\t\t\t<div class=\"elementor-widget-wrap elementor-element-populated\">\n\t\t\t\t\t\t<div class=\"elementor-element elementor-element-d07b365 elementor-widget elementor-widget-image\" data-id=\"d07b365\" data-element_type=\"widget\" data-widget_type=\"image.default\">\n\t\t\t\t<div class=\"elementor-widget-container\">\n\t\t\t\t\t\t\t\t\t\t\t\t\t\t\t<img decoding=\"async\" width=\"500\" height=\"418\" src=\"http:\/\/baltimore.com.mx\/wp-content\/uploads\/2022\/01\/Camisetapolo.jpg\" class=\"attachment-large size-large wp-image-1389\" alt=\"\" srcset=\"http:\/\/baltimore.com.mx\/wp-content\/uploads\/2022\/01\/Camisetapolo.jpg 500w, http:\/\/baltimore.com.mx\/wp-content\/uploads\/2022\/01\/Camisetapolo-300x251.jpg 300w\" sizes=\"(max-width: 500px) 100vw, 500px\" style=\"width:100%;height:83.6%;max-width:500px\" \/>\t\t\t\t\t\t\t\t\t\t\t\t\t\t\t<\/div>\n\t\t\t\t<\/div>\n\t\t\t\t<div class=\"elementor-element elementor-element-76dad55 elementor-widget elementor-widget-text-editor\" data-id=\"76dad55\" data-element_type=\"widget\" data-widget_type=\"text-editor.default\">\n\t\t\t\t<div class=\"elementor-widget-container\">\n\t\t\t\t\t\t\t\t\t<p>Camisas tipo polo en diversas tallas y colores, impresas o bordadas<\/p>\t\t\t\t\t\t\t\t<\/div>\n\t\t\t\t<\/div>\n\t\t\t\t\t<\/div>\n\t\t<\/div>\n\t\t\t\t<div class=\"elementor-column elementor-col-33 elementor-top-column elementor-element elementor-element-3b3ec0c\" data-id=\"3b3ec0c\" data-element_type=\"column\">\n\t\t\t<div class=\"elementor-widget-wrap elementor-element-populated\">\n\t\t\t\t\t\t<div class=\"elementor-element elementor-element-fabb363 elementor-widget elementor-widget-image\" data-id=\"fabb363\" data-element_type=\"widget\" data-widget_type=\"image.default\">\n\t\t\t\t<div class=\"elementor-widget-container\">\n\t\t\t\t\t\t\t\t\t\t\t\t\t\t\t<img decoding=\"async\" width=\"500\" height=\"394\" src=\"http:\/\/baltimore.com.mx\/wp-content\/uploads\/2022\/01\/banderaconasta-1.jpg\" class=\"attachment-large size-large wp-image-1390\" alt=\"\" srcset=\"http:\/\/baltimore.com.mx\/wp-content\/uploads\/2022\/01\/banderaconasta-1.jpg 500w, http:\/\/baltimore.com.mx\/wp-content\/uploads\/2022\/01\/banderaconasta-1-300x236.jpg 300w\" sizes=\"(max-width: 500px) 100vw, 500px\" style=\"width:100%;height:78.8%;max-width:500px\" \/>\t\t\t\t\t\t\t\t\t\t\t\t\t\t\t<\/div>\n\t\t\t\t<\/div>\n\t\t\t\t<div class=\"elementor-element elementor-element-faf0b70 elementor-widget elementor-widget-text-editor\" data-id=\"faf0b70\" data-element_type=\"widget\" data-widget_type=\"text-editor.default\">\n\t\t\t\t<div class=\"elementor-widget-container\">\n\t\t\t\t\t\t\t\t\t<p>Banderas en diversas medidas en tafeta poli\u00e9ster con impresi\u00f3n y asta<\/p>\t\t\t\t\t\t\t\t<\/div>\n\t\t\t\t<\/div>\n\t\t\t\t\t<\/div>\n\t\t<\/div>\n\t\t\t\t<div class=\"elementor-column elementor-col-33 elementor-top-column elementor-element elementor-element-15a12a1\" data-id=\"15a12a1\" data-element_type=\"column\">\n\t\t\t<div class=\"elementor-widget-wrap elementor-element-populated\">\n\t\t\t\t\t\t<div class=\"elementor-element elementor-element-0f0e264 elementor-widget elementor-widget-image\" data-id=\"0f0e264\" data-element_type=\"widget\" data-widget_type=\"image.default\">\n\t\t\t\t<div class=\"elementor-widget-container\">\n\t\t\t\t\t\t\t\t\t\t\t\t\t\t\t<img loading=\"lazy\" decoding=\"async\" width=\"750\" height=\"750\" src=\"http:\/\/baltimore.com.mx\/wp-content\/uploads\/2022\/01\/bolsaecologica.png\" class=\"attachment-large size-large wp-image-1391\" alt=\"\" srcset=\"http:\/\/baltimore.com.mx\/wp-content\/uploads\/2022\/01\/bolsaecologica.png 900w, http:\/\/baltimore.com.mx\/wp-content\/uploads\/2022\/01\/bolsaecologica-300x300.png 300w, http:\/\/baltimore.com.mx\/wp-content\/uploads\/2022\/01\/bolsaecologica-150x150.png 150w, http:\/\/baltimore.com.mx\/wp-content\/uploads\/2022\/01\/bolsaecologica-768x768.png 768w\" sizes=\"(max-width: 750px) 100vw, 750px\" style=\"width:100%;height:100%;max-width:900px\" \/>\t\t\t\t\t\t\t\t\t\t\t\t\t\t\t<\/div>\n\t\t\t\t<\/div>\n\t\t\t\t<div class=\"elementor-element elementor-element-198a3f2 elementor-widget elementor-widget-text-editor\" data-id=\"198a3f2\" data-element_type=\"widget\" data-widget_type=\"text-editor.default\">\n\t\t\t\t<div class=\"elementor-widget-container\">\n\t\t\t\t\t\t\t\t\t<p>Bolsa ecol\u00f3gica, diversas medidas y colores impresas a una tinta<\/p>\t\t\t\t\t\t\t\t<\/div>\n\t\t\t\t<\/div>\n\t\t\t\t\t<\/div>\n\t\t<\/div>\n\t\t\t\t\t<\/div>\n\t\t<\/section>\n\t\t\t\t<section class=\"elementor-section elementor-top-section elementor-element elementor-element-e74e950 elementor-section-boxed elementor-section-height-default elementor-section-height-default\" data-id=\"e74e950\" data-element_type=\"section\">\n\t\t\t\t\t\t<div class=\"elementor-container elementor-column-gap-default\">\n\t\t\t\t\t<div class=\"elementor-column elementor-col-33 elementor-top-column elementor-element elementor-element-3840f55\" data-id=\"3840f55\" data-element_type=\"column\">\n\t\t\t<div class=\"elementor-widget-wrap elementor-element-populated\">\n\t\t\t\t\t\t<div class=\"elementor-element elementor-element-d63d6f6 elementor-widget elementor-widget-image\" data-id=\"d63d6f6\" data-element_type=\"widget\" data-widget_type=\"image.default\">\n\t\t\t\t<div class=\"elementor-widget-container\">\n\t\t\t\t\t\t\t\t\t\t\t\t\t\t\t<img loading=\"lazy\" decoding=\"async\" width=\"300\" height=\"300\" src=\"http:\/\/baltimore.com.mx\/wp-content\/uploads\/2022\/01\/playera.jpg\" class=\"attachment-large size-large wp-image-1392\" alt=\"\" srcset=\"http:\/\/baltimore.com.mx\/wp-content\/uploads\/2022\/01\/playera.jpg 300w, http:\/\/baltimore.com.mx\/wp-content\/uploads\/2022\/01\/playera-150x150.jpg 150w\" sizes=\"(max-width: 300px) 100vw, 300px\" style=\"width:100%;height:100%;max-width:300px\" \/>\t\t\t\t\t\t\t\t\t\t\t\t\t\t\t<\/div>\n\t\t\t\t<\/div>\n\t\t\t\t<div class=\"elementor-element elementor-element-967feb1 elementor-widget elementor-widget-text-editor\" data-id=\"967feb1\" data-element_type=\"widget\" data-widget_type=\"text-editor.default\">\n\t\t\t\t<div class=\"elementor-widget-container\">\n\t\t\t\t\t\t\t\t\t<p>Playeras en diversas tallas y colores, impresas o bordadas<\/p>\t\t\t\t\t\t\t\t<\/div>\n\t\t\t\t<\/div>\n\t\t\t\t\t<\/div>\n\t\t<\/div>\n\t\t\t\t<div class=\"elementor-column elementor-col-33 elementor-top-column elementor-element elementor-element-3074c3d\" data-id=\"3074c3d\" data-element_type=\"column\">\n\t\t\t<div class=\"elementor-widget-wrap elementor-element-populated\">\n\t\t\t\t\t\t<div class=\"elementor-element elementor-element-675e44b elementor-widget elementor-widget-image\" data-id=\"675e44b\" data-element_type=\"widget\" data-widget_type=\"image.default\">\n\t\t\t\t<div class=\"elementor-widget-container\">\n\t\t\t\t\t\t\t\t\t\t\t\t\t\t\t<img loading=\"lazy\" decoding=\"async\" width=\"450\" height=\"374\" src=\"http:\/\/baltimore.com.mx\/wp-content\/uploads\/2022\/01\/Volantes.jpg\" class=\"attachment-large size-large wp-image-1393\" alt=\"\" srcset=\"http:\/\/baltimore.com.mx\/wp-content\/uploads\/2022\/01\/Volantes.jpg 450w, http:\/\/baltimore.com.mx\/wp-content\/uploads\/2022\/01\/Volantes-300x249.jpg 300w\" sizes=\"(max-width: 450px) 100vw, 450px\" style=\"width:100%;height:83.11%;max-width:450px\" \/>\t\t\t\t\t\t\t\t\t\t\t\t\t\t\t<\/div>\n\t\t\t\t<\/div>\n\t\t\t\t<div class=\"elementor-element elementor-element-a97bf68 elementor-widget elementor-widget-text-editor\" data-id=\"a97bf68\" data-element_type=\"widget\" data-widget_type=\"text-editor.default\">\n\t\t\t\t<div class=\"elementor-widget-container\">\n\t\t\t\t\t\t\t\t\t<p>Volantes en papel bond<\/p>\t\t\t\t\t\t\t\t<\/div>\n\t\t\t\t<\/div>\n\t\t\t\t\t<\/div>\n\t\t<\/div>\n\t\t\t\t<div class=\"elementor-column elementor-col-33 elementor-top-column elementor-element elementor-element-192b362\" data-id=\"192b362\" data-element_type=\"column\">\n\t\t\t<div class=\"elementor-widget-wrap elementor-element-populated\">\n\t\t\t\t\t\t<div class=\"elementor-element elementor-element-7fbd559 elementor-widget elementor-widget-image\" data-id=\"7fbd559\" data-element_type=\"widget\" data-widget_type=\"image.default\">\n\t\t\t\t<div class=\"elementor-widget-container\">\n\t\t\t\t\t\t\t\t\t\t\t\t\t\t\t<img loading=\"lazy\" decoding=\"async\" width=\"750\" height=\"781\" src=\"http:\/\/baltimore.com.mx\/wp-content\/uploads\/2022\/01\/mochila-983x1024-1.jpeg\" class=\"attachment-large size-large wp-image-1394\" alt=\"\" srcset=\"http:\/\/baltimore.com.mx\/wp-content\/uploads\/2022\/01\/mochila-983x1024-1.jpeg 983w, http:\/\/baltimore.com.mx\/wp-content\/uploads\/2022\/01\/mochila-983x1024-1-288x300.jpeg 288w, http:\/\/baltimore.com.mx\/wp-content\/uploads\/2022\/01\/mochila-983x1024-1-768x800.jpeg 768w\" sizes=\"(max-width: 750px) 100vw, 750px\" style=\"width:100%;height:104.17%;max-width:983px\" \/>\t\t\t\t\t\t\t\t\t\t\t\t\t\t\t<\/div>\n\t\t\t\t<\/div>\n\t\t\t\t<div class=\"elementor-element elementor-element-812fbb7 elementor-widget elementor-widget-text-editor\" data-id=\"812fbb7\" data-element_type=\"widget\" data-widget_type=\"text-editor.default\">\n\t\t\t\t<div class=\"elementor-widget-container\">\n\t\t\t\t\t\t\t\t\t<p>Mochilas en materia textil biodegradable diversos tama\u00f1os impresos a una, dos tintas o selecci\u00f3n de color o impresos en sublimaci\u00f3n<\/p>\t\t\t\t\t\t\t\t<\/div>\n\t\t\t\t<\/div>\n\t\t\t\t\t<\/div>\n\t\t<\/div>\n\t\t\t\t\t<\/div>\n\t\t<\/section>\n\t\t\t\t<section class=\"elementor-section elementor-top-section elementor-element elementor-element-17735a7 elementor-section-boxed elementor-section-height-default elementor-section-height-default\" data-id=\"17735a7\" data-element_type=\"section\">\n\t\t\t\t\t\t<div class=\"elementor-container elementor-column-gap-default\">\n\t\t\t\t\t<div class=\"elementor-column elementor-col-33 elementor-top-column elementor-element elementor-element-2995224\" data-id=\"2995224\" data-element_type=\"column\">\n\t\t\t<div class=\"elementor-widget-wrap elementor-element-populated\">\n\t\t\t\t\t\t<div class=\"elementor-element elementor-element-8be64ce elementor-widget elementor-widget-image\" data-id=\"8be64ce\" data-element_type=\"widget\" data-widget_type=\"image.default\">\n\t\t\t\t<div class=\"elementor-widget-container\">\n\t\t\t\t\t\t\t\t\t\t\t\t\t\t\t<img loading=\"lazy\" decoding=\"async\" width=\"750\" height=\"891\" src=\"http:\/\/baltimore.com.mx\/wp-content\/uploads\/2022\/01\/chaleco1-862x1024-1.jpeg\" class=\"attachment-large size-large wp-image-1395\" alt=\"\" srcset=\"http:\/\/baltimore.com.mx\/wp-content\/uploads\/2022\/01\/chaleco1-862x1024-1.jpeg 862w, http:\/\/baltimore.com.mx\/wp-content\/uploads\/2022\/01\/chaleco1-862x1024-1-253x300.jpeg 253w, http:\/\/baltimore.com.mx\/wp-content\/uploads\/2022\/01\/chaleco1-862x1024-1-768x912.jpeg 768w\" sizes=\"(max-width: 750px) 100vw, 750px\" style=\"width:100%;height:118.79%;max-width:862px\" \/>\t\t\t\t\t\t\t\t\t\t\t\t\t\t\t<\/div>\n\t\t\t\t<\/div>\n\t\t\t\t<div class=\"elementor-element elementor-element-7741d07 elementor-widget elementor-widget-text-editor\" data-id=\"7741d07\" data-element_type=\"widget\" data-widget_type=\"text-editor.default\">\n\t\t\t\t<div class=\"elementor-widget-container\">\n\t\t\t\t\t\t\t\t\t<p>Chaleco promocional diversas tallas impresos a una, dos tintas o selecci\u00f3n de color o en sublimaci\u00f3n<\/p>\t\t\t\t\t\t\t\t<\/div>\n\t\t\t\t<\/div>\n\t\t\t\t\t<\/div>\n\t\t<\/div>\n\t\t\t\t<div class=\"elementor-column elementor-col-33 elementor-top-column elementor-element elementor-element-e56a63b\" data-id=\"e56a63b\" data-element_type=\"column\">\n\t\t\t<div class=\"elementor-widget-wrap\">\n\t\t\t\t\t\t\t<\/div>\n\t\t<\/div>\n\t\t\t\t<div class=\"elementor-column elementor-col-33 elementor-top-column elementor-element elementor-element-031c099\" data-id=\"031c099\" data-element_type=\"column\">\n\t\t\t<div class=\"elementor-widget-wrap\">\n\t\t\t\t\t\t\t<\/div>\n\t\t<\/div>\n\t\t\t\t\t<\/div>\n\t\t<\/section>\n\t\t\t\t<section class=\"elementor-section elementor-top-section elementor-element elementor-element-4069d0c elementor-section-boxed elementor-section-height-default elementor-section-height-default\" data-id=\"4069d0c\" data-element_type=\"section\">\n\t\t\t\t\t\t<div class=\"elementor-container elementor-column-gap-default\">\n\t\t\t\t\t<div class=\"elementor-column elementor-col-100 elementor-top-column elementor-element elementor-element-d3555b8\" data-id=\"d3555b8\" data-element_type=\"column\">\n\t\t\t<div class=\"elementor-widget-wrap elementor-element-populated\">\n\t\t\t\t\t\t<div class=\"elementor-element elementor-element-4a5fa9b elementor-widget elementor-widget-spacer\" data-id=\"4a5fa9b\" data-element_type=\"widget\" data-widget_type=\"spacer.default\">\n\t\t\t\t<div class=\"elementor-widget-container\">\n\t\t\t\t\t\t\t<div class=\"elementor-spacer\">\n\t\t\t<div class=\"elementor-spacer-inner\"><\/div>\n\t\t<\/div>\n\t\t\t\t\t\t<\/div>\n\t\t\t\t<\/div>\n\t\t\t\t\t<\/div>\n\t\t<\/div>\n\t\t\t\t\t<\/div>\n\t\t<\/section>\n\t\t\t\t<\/div>\n\t\t","protected":false},"excerpt":{"rendered":"<p>Nuestros Productos Promocionales impresos: tazas, plumas. paraguas, gorras, mochilas, llaveros, vasos, cilindros, relojes de pared, volantes, d\u00edpticos, tr\u00edpticos, folletos, revistas y m\u00e1s&#8230; Camisas tipo polo en diversas tallas y colores, impresas o bordadas Banderas en diversas medidas en tafeta poli\u00e9ster con impresi\u00f3n y asta Bolsa ecol\u00f3gica, diversas medidas y colores impresas a una tinta Playeras&hellip; <a class=\"more-link\" href=\"https:\/\/baltimore.com.mx\/index.php\/productos\/\">Seguir leyendo <span class=\"screen-reader-text\">Productos<\/span><\/a><\/p>\n","protected":false},"author":1,"featured_media":0,"parent":0,"menu_order":0,"comment_status":"closed","ping_status":"closed","template":"","meta":{"footnotes":""},"class_list":["post-1386","page","type-page","status-publish","hentry","entry"],"_links":{"self":[{"href":"https:\/\/baltimore.com.mx\/index.php\/wp-json\/wp\/v2\/pages\/1386","targetHints":{"allow":["GET"]}}],"collection":[{"href":"https:\/\/baltimore.com.mx\/index.php\/wp-json\/wp\/v2\/pages"}],"about":[{"href":"https:\/\/baltimore.com.mx\/index.php\/wp-json\/wp\/v2\/types\/page"}],"author":[{"embeddable":true,"href":"https:\/\/baltimore.com.mx\/index.php\/wp-json\/wp\/v2\/users\/1"}],"replies":[{"embeddable":true,"href":"https:\/\/baltimore.com.mx\/index.php\/wp-json\/wp\/v2\/comments?post=1386"}],"version-history":[{"count":16,"href":"https:\/\/baltimore.com.mx\/index.php\/wp-json\/wp\/v2\/pages\/1386\/revisions"}],"predecessor-version":[{"id":1570,"href":"https:\/\/baltimore.com.mx\/index.php\/wp-json\/wp\/v2\/pages\/1386\/revisions\/1570"}],"wp:attachment":[{"href":"https:\/\/baltimore.com.mx\/index.php\/wp-json\/wp\/v2\/media?parent=1386"}],"curies":[{"name":"wp","href":"https:\/\/api.w.org\/{rel}","templated":true}]}}